{"id":1422,"date":"2022-12-26T11:40:32","date_gmt":"2022-12-26T10:40:32","guid":{"rendered":"https:\/\/stage.itekcom.com\/?page_id=1422"},"modified":"2024-12-26T10:10:06","modified_gmt":"2024-12-26T09:10:06","slug":"contact","status":"publish","type":"page","link":"https:\/\/www.itekpharma.com\/en\/contact\/","title":{"rendered":"Itekpharma | Contact our team of e-commerce experts"},"content":{"rendered":"<div data-elementor-type=\"wp-page\" data-elementor-id=\"1422\" class=\"elementor elementor-1422\">\n\t\t\t\t\t\t<section class=\"elementor-section elementor-top-section elementor-element elementor-element-29b4367 elementor-section-full_width elementor-section-height-default elementor-section-height-default\" data-id=\"29b4367\" data-element_type=\"section\" data-settings=\"{&quot;background_background&quot;:&quot;classic&quot;}\">\n\t\t\t\t\t\t<div class=\"elementor-container elementor-column-gap-default\">\n\t\t\t\t\t<div class=\"elementor-column elementor-col-100 elementor-top-column elementor-element elementor-element-9290074\" data-id=\"9290074\" data-element_type=\"column\">\n\t\t\t<div class=\"elementor-widget-wrap elementor-element-populated\">\n\t\t\t\t\t\t<div class=\"elementor-element elementor-element-f80a1a8 elementor-widget elementor-widget-heading\" data-id=\"f80a1a8\" data-element_type=\"widget\" data-widget_type=\"heading.default\">\n\t\t\t\t<div class=\"elementor-widget-container\">\n\t\t\t\t\t<h1 class=\"elementor-heading-title elementor-size-default\">Let's talk about your project<\/h1>\t\t\t\t<\/div>\n\t\t\t\t<\/div>\n\t\t\t\t<div class=\"elementor-element elementor-element-c4660b5 elementor-absolute elementor-hidden-mobile elementor-hidden-tablet elementor-widget elementor-widget-heading\" data-id=\"c4660b5\" data-element_type=\"widget\" data-settings=\"{&quot;_position&quot;:&quot;absolute&quot;}\" data-widget_type=\"heading.default\">\n\t\t\t\t<div class=\"elementor-widget-container\">\n\t\t\t\t\t<h2 class=\"elementor-heading-title elementor-size-default\">Contact<\/h2>\t\t\t\t<\/div>\n\t\t\t\t<\/div>\n\t\t\t\t\t<\/div>\n\t\t<\/div>\n\t\t\t\t\t<\/div>\n\t\t<\/section>\n\t\t\t\t<section class=\"elementor-section elementor-top-section elementor-element elementor-element-14057ca elementor-hidden-mobile elementor-section-boxed elementor-section-height-default elementor-section-height-default\" data-id=\"14057ca\" data-element_type=\"section\" data-settings=\"{&quot;background_background&quot;:&quot;classic&quot;}\">\n\t\t\t\t\t\t<div class=\"elementor-container elementor-column-gap-default\">\n\t\t\t\t\t<div class=\"elementor-column elementor-col-100 elementor-top-column elementor-element elementor-element-7d33f2b\" data-id=\"7d33f2b\" data-element_type=\"column\">\n\t\t\t<div class=\"elementor-widget-wrap elementor-element-populated\">\n\t\t\t\t\t\t<div class=\"elementor-element elementor-element-ec2ba30 elementor-widget elementor-widget-heading\" data-id=\"ec2ba30\" data-element_type=\"widget\" data-widget_type=\"heading.default\">\n\t\t\t\t<div class=\"elementor-widget-container\">\n\t\t\t\t\t<h2 class=\"elementor-heading-title elementor-size-default\">Do you have a project in mind? Our experts are here to help<\/h2>\t\t\t\t<\/div>\n\t\t\t\t<\/div>\n\t\t\t\t\t<\/div>\n\t\t<\/div>\n\t\t\t\t\t<\/div>\n\t\t<\/section>\n\t\t\t\t<section class=\"elementor-section elementor-top-section elementor-element elementor-element-7646c19 elementor-section-boxed elementor-section-height-default elementor-section-height-default\" data-id=\"7646c19\" data-element_type=\"section\" data-settings=\"{&quot;background_background&quot;:&quot;classic&quot;}\">\n\t\t\t\t\t\t<div class=\"elementor-container elementor-column-gap-default\">\n\t\t\t\t\t<div class=\"elementor-column elementor-col-50 elementor-top-column elementor-element elementor-element-3899257\" data-id=\"3899257\" data-element_type=\"column\">\n\t\t\t<div class=\"elementor-widget-wrap elementor-element-populated\">\n\t\t\t\t\t\t<div class=\"elementor-element elementor-element-52853c7 elementor-widget elementor-widget-html\" data-id=\"52853c7\" data-element_type=\"widget\" data-widget_type=\"html.default\">\n\t\t\t\t<div class=\"elementor-widget-container\">\n\t\t\t\t\t<style>\n    .contact-footer{\n        display: none\n    }\n<\/style>\t\t\t\t<\/div>\n\t\t\t\t<\/div>\n\t\t\t\t<div class=\"elementor-element elementor-element-b1c4cbc contact-form elementor-widget elementor-widget-shortcode\" data-id=\"b1c4cbc\" data-element_type=\"widget\" data-widget_type=\"shortcode.default\">\n\t\t\t\t<div class=\"elementor-widget-container\">\n\t\t\t\t\t\t\t<div class=\"elementor-shortcode\"><div class=\"wpforms-container wpforms-container-full\" id=\"wpforms-1439\"><form id=\"wpforms-form-1439\" class=\"wpforms-validate wpforms-form wpforms-ajax-form\" data-formid=\"1439\" method=\"post\" enctype=\"multipart\/form-data\" action=\"\/en\/wp-json\/wp\/v2\/pages\/1422\" data-token=\"7f96a5c7369ce7560865ee76a6092a78\" data-token-time=\"1777707789\" data-trp-original-action=\"\/en\/wp-json\/wp\/v2\/pages\/1422\"><noscript class=\"wpforms-error-noscript\">Please enable JavaScript in your browser to complete this form.<\/noscript><div class=\"wpforms-field-container\"><div id=\"wpforms-1439-field_11-container\" class=\"wpforms-field wpforms-field-text wpforms-one-half wpforms-first black-list wpforms-mobile-full\" data-field-id=\"11\"><label class=\"wpforms-field-label wpforms-label-hide\" for=\"wpforms-1439-field_11\">Your field of activity<\/label><input type=\"text\" id=\"wpforms-1439-field_11\" class=\"wpforms-field-large\" name=\"wpforms[fields][11]\" placeholder=\"Your field of activity\" ><\/div><div id=\"wpforms-1439-field_2-container\" class=\"wpforms-field wpforms-field-select wpforms-one-half black-list wpforms-mobile-full wpforms-field-select-style-modern\" data-field-id=\"2\"><label class=\"wpforms-field-label wpforms-label-hide\" for=\"wpforms-1439-field_2\">Types of service<\/label><select id=\"wpforms-1439-field_2\" class=\"wpforms-field-large choicesjs-select\" data-size-class=\"wpforms-field-row wpforms-field-large\" data-search-enabled=\"\" name=\"wpforms[fields][2][]\" multiple=\"multiple\"><option value=\"\" class=\"placeholder\" disabled>Types of service<\/option><option value=\"Site internet\"  class=\"choice-1 depth-1\"  >Website<\/option><option value=\"R\u00e9f\u00e9rencement\"  class=\"choice-2 depth-1\"  >Referencing<\/option><option value=\"Social m\u00e9dia\"  class=\"choice-3 depth-1\"  >Social media<\/option><option value=\"Email Marketing &amp;  Automation\"  class=\"choice-4 depth-1\"  >Email Marketing &amp; Automation<\/option><option value=\"Formation\"  class=\"choice-5 depth-1\"  >Training<\/option><option value=\"Autre\"  class=\"choice-6 depth-1\"  >Other<\/option><\/select><\/div><div id=\"wpforms-1439-field_9-container\" class=\"wpforms-field wpforms-field-text wpforms-one-half wpforms-first black-list wpforms-mobile-full\" data-field-id=\"9\"><label class=\"wpforms-field-label wpforms-label-hide\" for=\"wpforms-1439-field_9\">Name <span class=\"wpforms-required-label\">*<\/span><\/label><input type=\"text\" id=\"wpforms-1439-field_9\" class=\"wpforms-field-large wpforms-field-required\" name=\"wpforms[fields][9]\" placeholder=\"Name\" required><\/div><div id=\"wpforms-1439-field_10-container\" class=\"wpforms-field wpforms-field-text wpforms-one-half black-list wpforms-mobile-full\" data-field-id=\"10\"><label class=\"wpforms-field-label wpforms-label-hide\" for=\"wpforms-1439-field_10\">First name <span class=\"wpforms-required-label\">*<\/span><\/label><input type=\"text\" id=\"wpforms-1439-field_10\" class=\"wpforms-field-large wpforms-field-required\" name=\"wpforms[fields][10]\" placeholder=\"First name\" required><\/div><div id=\"wpforms-1439-field_4-container\" class=\"wpforms-field wpforms-field-text champ-gris\" data-field-id=\"4\"><label class=\"wpforms-field-label wpforms-label-hide\" for=\"wpforms-1439-field_4\">Company<\/label><input type=\"text\" id=\"wpforms-1439-field_4\" class=\"wpforms-field-large\" name=\"wpforms[fields][4]\" placeholder=\"Company\" ><\/div><div id=\"wpforms-1439-field_5-container\" class=\"wpforms-field wpforms-field-email wpforms-one-half wpforms-first champ-gris wpforms-mobile-full\" data-field-id=\"5\"><label class=\"wpforms-field-label wpforms-label-hide\" for=\"wpforms-1439-field_5\">E-mail <span class=\"wpforms-required-label\">*<\/span><\/label><input type=\"email\" id=\"wpforms-1439-field_5\" class=\"wpforms-field-large wpforms-field-required\" name=\"wpforms[fields][5]\" placeholder=\"E-mail address\" spellcheck=\"false\" required><\/div><div id=\"wpforms-1439-field_6-container\" class=\"wpforms-field wpforms-field-text wpforms-one-half champ-gris wpforms-mobile-full\" data-field-id=\"6\"><label class=\"wpforms-field-label wpforms-label-hide\" for=\"wpforms-1439-field_6\">Phone <span class=\"wpforms-required-label\">*<\/span><\/label><input type=\"text\" id=\"wpforms-1439-field_6\" class=\"wpforms-field-large wpforms-field-required\" name=\"wpforms[fields][6]\" placeholder=\"Phone number\" required><\/div><div id=\"wpforms-1439-field_7-container\" class=\"wpforms-field wpforms-field-textarea form-message champ-gris\" data-field-id=\"7\"><label class=\"wpforms-field-label wpforms-label-hide\" for=\"wpforms-1439-field_7\">Briefly describe your project and requirements<\/label><textarea id=\"wpforms-1439-field_7\" class=\"wpforms-field-medium\" name=\"wpforms[fields][7]\" placeholder=\"Briefly describe your project and requirements\" ><\/textarea><\/div><div id=\"wpforms-1439-field_12-container\" class=\"wpforms-field wpforms-field-checkbox acceptation-contact\" data-field-id=\"12\"><label class=\"wpforms-field-label wpforms-label-hide\">Acceptance <span class=\"wpforms-required-label\">*<\/span><\/label><ul id=\"wpforms-1439-field_12\" class=\"wpforms-field-required\"><li class=\"choice-1 depth-1\"><input type=\"checkbox\" id=\"wpforms-1439-field_12_1\" name=\"wpforms[fields][12][]\" value=\"En soumettant ce formulaire, j&#039;accepte que les informations saisies soient utilis\u00e9es dans le cadre de ma demande et de la relation commerciale qui peut en d\u00e9couler. Vous r\u00e9f\u00e9rer \u00e0 la politique de confidentialit\u00e9. \" required><label class=\"wpforms-field-label-inline\" for=\"wpforms-1439-field_12_1\">By submitting this form, I agree that the information entered may be used in connection with my request and the commercial relationship that may result. Please refer to our privacy policy.<\/label><\/li><\/ul><\/div><\/div><!-- .wpforms-field-container --><div class=\"wpforms-recaptcha-container wpforms-is-recaptcha wpforms-is-recaptcha-type-v3\" ><input type=\"hidden\" name=\"wpforms[recaptcha]\" value=\"\"><\/div><div class=\"wpforms-submit-container\" ><input type=\"hidden\" name=\"wpforms[id]\" value=\"1439\"><input type=\"hidden\" name=\"page_title\" value=\"\"><input type=\"hidden\" name=\"page_url\" value=\"https:\/\/www.itekpharma.com\/en\/wp-json\/wp\/v2\/pages\/1422\"><input type=\"hidden\" name=\"url_referer\" value=\"\"><button type=\"submit\" name=\"wpforms[submit]\" id=\"wpforms-submit-1439\" class=\"wpforms-submit\" data-alt-text=\"Envoi...\" data-submit-text=\"Envoyer\" aria-live=\"assertive\" value=\"wpforms-submit\">Send<\/button><img decoding=\"async\" src=\"https:\/\/www.itekpharma.com\/wp-content\/plugins\/wpforms-lite\/assets\/images\/submit-spin.svg\" class=\"wpforms-submit-spinner\" style=\"display: none;\" width=\"26\" height=\"26\" alt=\"Loading\"><\/div><input type=\"hidden\" name=\"trp-form-language\" value=\"en\"\/><\/form><\/div>  <!-- .wpforms-container --><\/div>\n\t\t\t\t\t\t<\/div>\n\t\t\t\t<\/div>\n\t\t\t\t\t<\/div>\n\t\t<\/div>\n\t\t\t\t<div class=\"elementor-column elementor-col-50 elementor-top-column elementor-element elementor-element-e3ec378\" data-id=\"e3ec378\" data-element_type=\"column\">\n\t\t\t<div class=\"elementor-widget-wrap elementor-element-populated\">\n\t\t\t\t\t\t<div class=\"elementor-element elementor-element-57e3e2d elementor-widget elementor-widget-image\" data-id=\"57e3e2d\" data-element_type=\"widget\" data-widget_type=\"image.default\">\n\t\t\t\t<div class=\"elementor-widget-container\">\n\t\t\t\t\t\t\t\t\t\t\t\t\t\t\t<img fetchpriority=\"high\" decoding=\"async\" width=\"628\" height=\"653\" src=\"https:\/\/www.itekpharma.com\/wp-content\/uploads\/2024\/08\/itek-contact.png\" class=\"attachment-large size-large wp-image-4659\" alt=\"\" srcset=\"https:\/\/www.itekpharma.com\/wp-content\/uploads\/2024\/08\/itek-contact.png 628w, https:\/\/www.itekpharma.com\/wp-content\/uploads\/2024\/08\/itek-contact-289x300.png 289w\" sizes=\"(max-width: 628px) 100vw, 628px\" \/>\t\t\t\t\t\t\t\t\t\t\t\t\t\t\t<\/div>\n\t\t\t\t<\/div>\n\t\t\t\t\t<\/div>\n\t\t<\/div>\n\t\t\t\t\t<\/div>\n\t\t<\/section>\n\t\t\t\t<\/div>","protected":false},"excerpt":{"rendered":"<p>Let's talk about your project Contact Do you have a project? Our experts are here to support you<\/p>","protected":false},"author":9,"featured_media":0,"parent":0,"menu_order":0,"comment_status":"closed","ping_status":"closed","template":"elementor_header_footer","meta":{"footnotes":""},"featured":[],"folder":[],"class_list":["post-1422","page","type-page","status-publish","hentry"],"acf":[],"yoast_head":"<!-- This site is optimized with the Yoast SEO plugin v26.6 - https:\/\/yoast.com\/wordpress\/plugins\/seo\/ -->\n<title>Itekpharma | Contactez notre \u00e9quipe d&#039;experts e-commerce<\/title>\n<meta name=\"description\" content=\"Contactez Itekpharma pour votre projet e-commerce pharmacie. Devis gratuit et conseil personnalis\u00e9 depuis 2005.\" \/>\n<meta name=\"robots\" content=\"index, follow, max-snippet:-1, max-image-preview:large, max-video-preview:-1\" \/>\n<link rel=\"canonical\" href=\"https:\/\/www.itekpharma.com\/en\/contact\/\" \/>\n<meta property=\"og:locale\" content=\"en_US\" \/>\n<meta property=\"og:type\" content=\"article\" \/>\n<meta property=\"og:title\" content=\"Itekpharma | Contactez notre \u00e9quipe d&#039;experts e-commerce\" \/>\n<meta property=\"og:description\" content=\"Contactez Itekpharma pour votre projet e-commerce pharmacie. Devis gratuit et conseil personnalis\u00e9 depuis 2005.\" \/>\n<meta property=\"og:url\" content=\"https:\/\/www.itekpharma.com\/en\/contact\/\" \/>\n<meta property=\"og:site_name\" content=\"Itekpharma | Expert e-commerce pharmacies &amp; laboratoires depuis 2005\" \/>\n<meta property=\"article:modified_time\" content=\"2024-12-26T09:10:06+00:00\" \/>\n<meta property=\"og:image\" content=\"https:\/\/www.itekpharma.com\/wp-content\/uploads\/2024\/08\/itek-contact.png\" \/>\n<meta name=\"twitter:card\" content=\"summary_large_image\" \/>\n<meta name=\"twitter:label1\" content=\"Est. reading time\" \/>\n\t<meta name=\"twitter:data1\" content=\"1 minute\" \/>\n<script type=\"application\/ld+json\" class=\"yoast-schema-graph\">{\"@context\":\"https:\/\/schema.org\",\"@graph\":[{\"@type\":\"WebPage\",\"@id\":\"https:\/\/www.itekpharma.com\/contact\/\",\"url\":\"https:\/\/www.itekpharma.com\/contact\/\",\"name\":\"Itekpharma | Contactez notre \u00e9quipe d'experts e-commerce\",\"isPartOf\":{\"@id\":\"https:\/\/www.itekpharma.com\/#website\"},\"primaryImageOfPage\":{\"@id\":\"https:\/\/www.itekpharma.com\/contact\/#primaryimage\"},\"image\":{\"@id\":\"https:\/\/www.itekpharma.com\/contact\/#primaryimage\"},\"thumbnailUrl\":\"https:\/\/www.itekpharma.com\/wp-content\/uploads\/2024\/08\/itek-contact.png\",\"datePublished\":\"2022-12-26T10:40:32+00:00\",\"dateModified\":\"2024-12-26T09:10:06+00:00\",\"description\":\"Contactez Itekpharma pour votre projet e-commerce pharmacie. Devis gratuit et conseil personnalis\u00e9 depuis 2005.\",\"breadcrumb\":{\"@id\":\"https:\/\/www.itekpharma.com\/contact\/#breadcrumb\"},\"inLanguage\":\"en-US\",\"potentialAction\":[{\"@type\":\"ReadAction\",\"target\":[\"https:\/\/www.itekpharma.com\/contact\/\"]}]},{\"@type\":\"ImageObject\",\"inLanguage\":\"en-US\",\"@id\":\"https:\/\/www.itekpharma.com\/contact\/#primaryimage\",\"url\":\"https:\/\/www.itekpharma.com\/wp-content\/uploads\/2024\/08\/itek-contact.png\",\"contentUrl\":\"https:\/\/www.itekpharma.com\/wp-content\/uploads\/2024\/08\/itek-contact.png\"},{\"@type\":\"BreadcrumbList\",\"@id\":\"https:\/\/www.itekpharma.com\/contact\/#breadcrumb\",\"itemListElement\":[{\"@type\":\"ListItem\",\"position\":1,\"name\":\"Accueil\",\"item\":\"https:\/\/www.itekpharma.com\/\"},{\"@type\":\"ListItem\",\"position\":2,\"name\":\"Itekpharma | Contactez notre \u00e9quipe d&rsquo;experts e-commerce\"}]},{\"@type\":\"WebSite\",\"@id\":\"https:\/\/www.itekpharma.com\/#website\",\"url\":\"https:\/\/www.itekpharma.com\/\",\"name\":\"Itekpharma | Expert e-commerce pharmacies &amp; laboratoires depuis 2005\",\"description\":\"L&#039;expertise e-commerce au service de votre sant\u00e9\",\"publisher\":{\"@id\":\"https:\/\/www.itekpharma.com\/#organization\"},\"potentialAction\":[{\"@type\":\"SearchAction\",\"target\":{\"@type\":\"EntryPoint\",\"urlTemplate\":\"https:\/\/www.itekpharma.com\/?s={search_term_string}\"},\"query-input\":{\"@type\":\"PropertyValueSpecification\",\"valueRequired\":true,\"valueName\":\"search_term_string\"}}],\"inLanguage\":\"en-US\"},{\"@type\":\"Organization\",\"@id\":\"https:\/\/www.itekpharma.com\/#organization\",\"name\":\"Itekpharma | Expert e-commerce pharmacies &amp; laboratoires depuis 2005\",\"url\":\"https:\/\/www.itekpharma.com\/\",\"logo\":{\"@type\":\"ImageObject\",\"inLanguage\":\"en-US\",\"@id\":\"https:\/\/www.itekpharma.com\/#\/schema\/logo\/image\/\",\"url\":\"https:\/\/www.itekpharma.com\/wp-content\/uploads\/2022\/09\/logo-header.png\",\"contentUrl\":\"https:\/\/www.itekpharma.com\/wp-content\/uploads\/2022\/09\/logo-header.png\",\"width\":321,\"height\":85,\"caption\":\"Itekpharma | Expert e-commerce pharmacies &amp; laboratoires depuis 2005\"},\"image\":{\"@id\":\"https:\/\/www.itekpharma.com\/#\/schema\/logo\/image\/\"}}]}<\/script>\n<!-- \/ Yoast SEO plugin. -->","yoast_head_json":{"title":"Itekpharma | Contact our team of e-commerce experts","description":"Contact Itekpharma for your pharmacy e-commerce project. Free quotes and personalized advice since 2005.","robots":{"index":"index","follow":"follow","max-snippet":"max-snippet:-1","max-image-preview":"max-image-preview:large","max-video-preview":"max-video-preview:-1"},"canonical":"https:\/\/www.itekpharma.com\/en\/contact\/","og_locale":"en_US","og_type":"article","og_title":"Itekpharma | Contactez notre \u00e9quipe d'experts e-commerce","og_description":"Contactez Itekpharma pour votre projet e-commerce pharmacie. Devis gratuit et conseil personnalis\u00e9 depuis 2005.","og_url":"https:\/\/www.itekpharma.com\/en\/contact\/","og_site_name":"Itekpharma | Expert e-commerce pharmacies &amp; laboratoires depuis 2005","article_modified_time":"2024-12-26T09:10:06+00:00","og_image":[{"url":"https:\/\/www.itekpharma.com\/wp-content\/uploads\/2024\/08\/itek-contact.png","type":"","width":"","height":""}],"twitter_card":"summary_large_image","twitter_misc":{"Est. reading time":"1 minute"},"schema":{"@context":"https:\/\/schema.org","@graph":[{"@type":"WebPage","@id":"https:\/\/www.itekpharma.com\/contact\/","url":"https:\/\/www.itekpharma.com\/contact\/","name":"Itekpharma | Contact our team of e-commerce experts","isPartOf":{"@id":"https:\/\/www.itekpharma.com\/#website"},"primaryImageOfPage":{"@id":"https:\/\/www.itekpharma.com\/contact\/#primaryimage"},"image":{"@id":"https:\/\/www.itekpharma.com\/contact\/#primaryimage"},"thumbnailUrl":"https:\/\/www.itekpharma.com\/wp-content\/uploads\/2024\/08\/itek-contact.png","datePublished":"2022-12-26T10:40:32+00:00","dateModified":"2024-12-26T09:10:06+00:00","description":"Contact Itekpharma for your pharmacy e-commerce project. Free quotes and personalized advice since 2005.","breadcrumb":{"@id":"https:\/\/www.itekpharma.com\/contact\/#breadcrumb"},"inLanguage":"en-US","potentialAction":[{"@type":"ReadAction","target":["https:\/\/www.itekpharma.com\/contact\/"]}]},{"@type":"ImageObject","inLanguage":"en-US","@id":"https:\/\/www.itekpharma.com\/contact\/#primaryimage","url":"https:\/\/www.itekpharma.com\/wp-content\/uploads\/2024\/08\/itek-contact.png","contentUrl":"https:\/\/www.itekpharma.com\/wp-content\/uploads\/2024\/08\/itek-contact.png"},{"@type":"BreadcrumbList","@id":"https:\/\/www.itekpharma.com\/contact\/#breadcrumb","itemListElement":[{"@type":"ListItem","position":1,"name":"Accueil","item":"https:\/\/www.itekpharma.com\/"},{"@type":"ListItem","position":2,"name":"Itekpharma | Contactez notre \u00e9quipe d&rsquo;experts e-commerce"}]},{"@type":"WebSite","@id":"https:\/\/www.itekpharma.com\/#website","url":"https:\/\/www.itekpharma.com\/","name":"Itekpharma | Expert e-commerce pharmacies &amp; laboratories since 2005","description":"E-commerce expertise at the service of your health","publisher":{"@id":"https:\/\/www.itekpharma.com\/#organization"},"potentialAction":[{"@type":"SearchAction","target":{"@type":"EntryPoint","urlTemplate":"https:\/\/www.itekpharma.com\/?s={search_term_string}"},"query-input":{"@type":"PropertyValueSpecification","valueRequired":true,"valueName":"search_term_string"}}],"inLanguage":"en-US"},{"@type":"Organization","@id":"https:\/\/www.itekpharma.com\/#organization","name":"Itekpharma | Expert e-commerce pharmacies &amp; laboratories since 2005","url":"https:\/\/www.itekpharma.com\/","logo":{"@type":"ImageObject","inLanguage":"en-US","@id":"https:\/\/www.itekpharma.com\/#\/schema\/logo\/image\/","url":"https:\/\/www.itekpharma.com\/wp-content\/uploads\/2022\/09\/logo-header.png","contentUrl":"https:\/\/www.itekpharma.com\/wp-content\/uploads\/2022\/09\/logo-header.png","width":321,"height":85,"caption":"Itekpharma | Expert e-commerce pharmacies &amp; laboratoires depuis 2005"},"image":{"@id":"https:\/\/www.itekpharma.com\/#\/schema\/logo\/image\/"}}]}},"_links":{"self":[{"href":"https:\/\/www.itekpharma.com\/en\/wp-json\/wp\/v2\/pages\/1422","targetHints":{"allow":["GET"]}}],"collection":[{"href":"https:\/\/www.itekpharma.com\/en\/wp-json\/wp\/v2\/pages"}],"about":[{"href":"https:\/\/www.itekpharma.com\/en\/wp-json\/wp\/v2\/types\/page"}],"author":[{"embeddable":true,"href":"https:\/\/www.itekpharma.com\/en\/wp-json\/wp\/v2\/users\/9"}],"replies":[{"embeddable":true,"href":"https:\/\/www.itekpharma.com\/en\/wp-json\/wp\/v2\/comments?post=1422"}],"version-history":[{"count":57,"href":"https:\/\/www.itekpharma.com\/en\/wp-json\/wp\/v2\/pages\/1422\/revisions"}],"predecessor-version":[{"id":9317,"href":"https:\/\/www.itekpharma.com\/en\/wp-json\/wp\/v2\/pages\/1422\/revisions\/9317"}],"wp:attachment":[{"href":"https:\/\/www.itekpharma.com\/en\/wp-json\/wp\/v2\/media?parent=1422"}],"wp:term":[{"taxonomy":"featured","embeddable":true,"href":"https:\/\/www.itekpharma.com\/en\/wp-json\/wp\/v2\/featured?post=1422"},{"taxonomy":"folder","embeddable":true,"href":"https:\/\/www.itekpharma.com\/en\/wp-json\/wp\/v2\/folder?post=1422"}],"curies":[{"name":"wp","href":"https:\/\/api.w.org\/{rel}","templated":true}]}}