{"id":1572,"date":"2022-12-26T16:01:22","date_gmt":"2022-12-26T15:01:22","guid":{"rendered":"https:\/\/stage.itekcom.com\/?page_id=1572"},"modified":"2024-12-26T10:01:49","modified_gmt":"2024-12-26T09:01:49","slug":"informacion-legal","status":"publish","type":"page","link":"https:\/\/www.itekpharma.com\/es\/informacion-legal\/","title":{"rendered":"Itekpharma | Informaci\u00f3n legal"},"content":{"rendered":"<div data-elementor-type=\"wp-page\" data-elementor-id=\"1572\" class=\"elementor elementor-1572\">\n\t\t\t\t\t\t<section class=\"elementor-section elementor-top-section elementor-element elementor-element-41c119a elementor-section-boxed elementor-section-height-default elementor-section-height-default\" data-id=\"41c119a\" data-element_type=\"section\" data-settings=\"{&quot;background_background&quot;:&quot;classic&quot;}\">\n\t\t\t\t\t\t<div class=\"elementor-container elementor-column-gap-default\">\n\t\t\t\t\t<div class=\"elementor-column elementor-col-100 elementor-top-column elementor-element elementor-element-8031617\" data-id=\"8031617\" data-element_type=\"column\">\n\t\t\t<div class=\"elementor-widget-wrap elementor-element-populated\">\n\t\t\t\t\t\t<div class=\"elementor-element elementor-element-a8e8ec2 elementor-widget elementor-widget-heading\" data-id=\"a8e8ec2\" data-element_type=\"widget\" data-widget_type=\"heading.default\">\n\t\t\t\t<div class=\"elementor-widget-container\">\n\t\t\t\t\t<h2 class=\"elementor-heading-title elementor-size-default\">Informaci\u00f3n<\/h2>\t\t\t\t<\/div>\n\t\t\t\t<\/div>\n\t\t\t\t<div class=\"elementor-element elementor-element-d145a48 elementor-widget elementor-widget-text-editor\" data-id=\"d145a48\" data-element_type=\"widget\" data-widget_type=\"text-editor.default\">\n\t\t\t\t<div class=\"elementor-widget-container\">\n\t\t\t\t\t\t\t\t\t<p>El sitio web www.itekpharma.com es publicado y gestionado por Itekcom - SARL, con un capital de 50.000 euros.<\/p><p>Sede social: Itekcom - 2000 Route des Lucioles - Les Algorithmes - Aristote B - 06410 Biot - Sophia Antipolis - FRANCIA<\/p><p>SIREN NO.: 484295068<br \/>N\u00ba SIRET: 48429506800056<br \/>N\u00famero de IVA intracomunitario: FR10484295068<br \/>N\u00ba RCS: Antibes B 484 295 068<\/p><p>Tel\u00e9fono: 04 28 27 01 15<\/p><p>contacto[arroba]itekcom.com<\/p><p>Alojamiento del sitio web www.itekpharma.com:<br \/>SAS Nexylan<br \/>SAS con un capital de 150.000 euros<br \/>RCS Lille-M\u00e9tropole 517 884 722<br \/>274 T Av de la Marne 59700 MARCQ-EN-BAROEUL<br \/><a href=\"http:\/\/www.nexylan.com\" target=\"_blank\" rel=\"noopener\">www.nexylan.com<\/a><br \/>+33.(0)3.66.72.15.72<\/p><p><a href=\"\/es\/politica-de-privacidad\/\">Consulte nuestra pol\u00edtica de privacidad.<\/a><\/p>\t\t\t\t\t\t\t\t<\/div>\n\t\t\t\t<\/div>\n\t\t\t\t\t<\/div>\n\t\t<\/div>\n\t\t\t\t\t<\/div>\n\t\t<\/section>\n\t\t\t\t<\/div>","protected":false},"excerpt":{"rendered":"<p>Informations Le site www.itekpharma.com est \u00e9dit\u00e9 et g\u00e9r\u00e9 par Itekcom &#8211; SARL au capital de 50 000\u20ac Si\u00e8ge social : Itekcom &#8211; 2000 Route des Lucioles &#8211; Les Algorithmes &#8211; Aristote B &#8211; 06410 Biot \u2013 Sophia Antipolis \u2013 FRANCE N\u00b0 SIREN : 484295068 N\u00b0 SIRET : 48429506800056 N\u00b0 de TVA Intracommunautaire : FR10484295068 N\u00b0 [&hellip;]<\/p>","protected":false},"author":9,"featured_media":0,"parent":0,"menu_order":0,"comment_status":"closed","ping_status":"closed","template":"elementor_header_footer","meta":{"footnotes":""},"featured":[],"folder":[],"class_list":["post-1572","page","type-page","status-publish","hentry"],"acf":[],"yoast_head":"<!-- This site is optimized with the Yoast SEO plugin v26.6 - https:\/\/yoast.com\/wordpress\/plugins\/seo\/ -->\n<title>Itekpharma | Mentions l\u00e9gales et Informations juridiques<\/title>\n<meta name=\"description\" content=\"Consultez les mentions l\u00e9gales d&#039;Itekpharma, agence experte en solutions e-commerce pour la sant\u00e9 depuis 2005.\" \/>\n<meta name=\"robots\" content=\"index, follow, max-snippet:-1, max-image-preview:large, max-video-preview:-1\" \/>\n<link rel=\"canonical\" href=\"https:\/\/www.itekpharma.com\/es\/informacion-legal\/\" \/>\n<meta property=\"og:locale\" content=\"es_ES\" \/>\n<meta property=\"og:type\" content=\"article\" \/>\n<meta property=\"og:title\" content=\"Itekpharma | Mentions l\u00e9gales et Informations juridiques\" \/>\n<meta property=\"og:description\" content=\"Consultez les mentions l\u00e9gales d&#039;Itekpharma, agence experte en solutions e-commerce pour la sant\u00e9 depuis 2005.\" \/>\n<meta property=\"og:url\" content=\"https:\/\/www.itekpharma.com\/es\/informacion-legal\/\" \/>\n<meta property=\"og:site_name\" content=\"Itekpharma | Expert e-commerce pharmacies &amp; laboratoires depuis 2005\" \/>\n<meta property=\"article:modified_time\" content=\"2024-12-26T09:01:49+00:00\" \/>\n<meta name=\"twitter:card\" content=\"summary_large_image\" \/>\n<meta name=\"twitter:label1\" content=\"Tiempo de lectura\" \/>\n\t<meta name=\"twitter:data1\" content=\"1 minuto\" \/>\n<script type=\"application\/ld+json\" class=\"yoast-schema-graph\">{\"@context\":\"https:\/\/schema.org\",\"@graph\":[{\"@type\":\"WebPage\",\"@id\":\"https:\/\/www.itekpharma.com\/mentions-legales\/\",\"url\":\"https:\/\/www.itekpharma.com\/mentions-legales\/\",\"name\":\"Itekpharma | Mentions l\u00e9gales et Informations juridiques\",\"isPartOf\":{\"@id\":\"https:\/\/www.itekpharma.com\/#website\"},\"datePublished\":\"2022-12-26T15:01:22+00:00\",\"dateModified\":\"2024-12-26T09:01:49+00:00\",\"description\":\"Consultez les mentions l\u00e9gales d'Itekpharma, agence experte en solutions e-commerce pour la sant\u00e9 depuis 2005.\",\"breadcrumb\":{\"@id\":\"https:\/\/www.itekpharma.com\/mentions-legales\/#breadcrumb\"},\"inLanguage\":\"es\",\"potentialAction\":[{\"@type\":\"ReadAction\",\"target\":[\"https:\/\/www.itekpharma.com\/mentions-legales\/\"]}]},{\"@type\":\"BreadcrumbList\",\"@id\":\"https:\/\/www.itekpharma.com\/mentions-legales\/#breadcrumb\",\"itemListElement\":[{\"@type\":\"ListItem\",\"position\":1,\"name\":\"Accueil\",\"item\":\"https:\/\/www.itekpharma.com\/\"},{\"@type\":\"ListItem\",\"position\":2,\"name\":\"Itekpharma | Mentions l\u00e9gales et Informations juridiques\"}]},{\"@type\":\"WebSite\",\"@id\":\"https:\/\/www.itekpharma.com\/#website\",\"url\":\"https:\/\/www.itekpharma.com\/\",\"name\":\"Itekpharma | Expert e-commerce pharmacies &amp; laboratoires depuis 2005\",\"description\":\"L&#039;expertise e-commerce au service de votre sant\u00e9\",\"publisher\":{\"@id\":\"https:\/\/www.itekpharma.com\/#organization\"},\"potentialAction\":[{\"@type\":\"SearchAction\",\"target\":{\"@type\":\"EntryPoint\",\"urlTemplate\":\"https:\/\/www.itekpharma.com\/?s={search_term_string}\"},\"query-input\":{\"@type\":\"PropertyValueSpecification\",\"valueRequired\":true,\"valueName\":\"search_term_string\"}}],\"inLanguage\":\"es\"},{\"@type\":\"Organization\",\"@id\":\"https:\/\/www.itekpharma.com\/#organization\",\"name\":\"Itekpharma | Expert e-commerce pharmacies &amp; laboratoires depuis 2005\",\"url\":\"https:\/\/www.itekpharma.com\/\",\"logo\":{\"@type\":\"ImageObject\",\"inLanguage\":\"es\",\"@id\":\"https:\/\/www.itekpharma.com\/#\/schema\/logo\/image\/\",\"url\":\"https:\/\/www.itekpharma.com\/wp-content\/uploads\/2022\/09\/logo-header.png\",\"contentUrl\":\"https:\/\/www.itekpharma.com\/wp-content\/uploads\/2022\/09\/logo-header.png\",\"width\":321,\"height\":85,\"caption\":\"Itekpharma | Expert e-commerce pharmacies &amp; laboratoires depuis 2005\"},\"image\":{\"@id\":\"https:\/\/www.itekpharma.com\/#\/schema\/logo\/image\/\"}}]}<\/script>\n<!-- \/ Yoast SEO plugin. -->","yoast_head_json":{"title":"Itekpharma | Informaci\u00f3n legal","description":"Consulte la informaci\u00f3n legal de Itekpharma, agencia especializada en soluciones de comercio electr\u00f3nico para el sector sanitario desde 2005.","robots":{"index":"index","follow":"follow","max-snippet":"max-snippet:-1","max-image-preview":"max-image-preview:large","max-video-preview":"max-video-preview:-1"},"canonical":"https:\/\/www.itekpharma.com\/es\/informacion-legal\/","og_locale":"es_ES","og_type":"article","og_title":"Itekpharma | Mentions l\u00e9gales et Informations juridiques","og_description":"Consultez les mentions l\u00e9gales d'Itekpharma, agence experte en solutions e-commerce pour la sant\u00e9 depuis 2005.","og_url":"https:\/\/www.itekpharma.com\/es\/informacion-legal\/","og_site_name":"Itekpharma | Expert e-commerce pharmacies &amp; laboratoires depuis 2005","article_modified_time":"2024-12-26T09:01:49+00:00","twitter_card":"summary_large_image","twitter_misc":{"Tiempo de lectura":"1 minuto"},"schema":{"@context":"https:\/\/schema.org","@graph":[{"@type":"WebPage","@id":"https:\/\/www.itekpharma.com\/mentions-legales\/","url":"https:\/\/www.itekpharma.com\/mentions-legales\/","name":"Itekpharma | Informaci\u00f3n legal","isPartOf":{"@id":"https:\/\/www.itekpharma.com\/#website"},"datePublished":"2022-12-26T15:01:22+00:00","dateModified":"2024-12-26T09:01:49+00:00","description":"Consulte la informaci\u00f3n legal de Itekpharma, agencia especializada en soluciones de comercio electr\u00f3nico para el sector sanitario desde 2005.","breadcrumb":{"@id":"https:\/\/www.itekpharma.com\/mentions-legales\/#breadcrumb"},"inLanguage":"es","potentialAction":[{"@type":"ReadAction","target":["https:\/\/www.itekpharma.com\/mentions-legales\/"]}]},{"@type":"BreadcrumbList","@id":"https:\/\/www.itekpharma.com\/mentions-legales\/#breadcrumb","itemListElement":[{"@type":"ListItem","position":1,"name":"Accueil","item":"https:\/\/www.itekpharma.com\/"},{"@type":"ListItem","position":2,"name":"Itekpharma | Mentions l\u00e9gales et Informations juridiques"}]},{"@type":"WebSite","@id":"https:\/\/www.itekpharma.com\/#website","url":"https:\/\/www.itekpharma.com\/","name":"Itekpharma | Experto en comercio electr\u00f3nico para farmacias y laboratorios desde 2005","description":"La experiencia del comercio electr\u00f3nico al servicio de su salud","publisher":{"@id":"https:\/\/www.itekpharma.com\/#organization"},"potentialAction":[{"@type":"SearchAction","target":{"@type":"EntryPoint","urlTemplate":"https:\/\/www.itekpharma.com\/?s={search_term_string}"},"query-input":{"@type":"PropertyValueSpecification","valueRequired":true,"valueName":"search_term_string"}}],"inLanguage":"es"},{"@type":"Organization","@id":"https:\/\/www.itekpharma.com\/#organization","name":"Itekpharma | Experto en comercio electr\u00f3nico para farmacias y laboratorios desde 2005","url":"https:\/\/www.itekpharma.com\/","logo":{"@type":"ImageObject","inLanguage":"es","@id":"https:\/\/www.itekpharma.com\/#\/schema\/logo\/image\/","url":"https:\/\/www.itekpharma.com\/wp-content\/uploads\/2022\/09\/logo-header.png","contentUrl":"https:\/\/www.itekpharma.com\/wp-content\/uploads\/2022\/09\/logo-header.png","width":321,"height":85,"caption":"Itekpharma | Expert e-commerce pharmacies &amp; laboratoires depuis 2005"},"image":{"@id":"https:\/\/www.itekpharma.com\/#\/schema\/logo\/image\/"}}]}},"_links":{"self":[{"href":"https:\/\/www.itekpharma.com\/es\/wp-json\/wp\/v2\/pages\/1572","targetHints":{"allow":["GET"]}}],"collection":[{"href":"https:\/\/www.itekpharma.com\/es\/wp-json\/wp\/v2\/pages"}],"about":[{"href":"https:\/\/www.itekpharma.com\/es\/wp-json\/wp\/v2\/types\/page"}],"author":[{"embeddable":true,"href":"https:\/\/www.itekpharma.com\/es\/wp-json\/wp\/v2\/users\/9"}],"replies":[{"embeddable":true,"href":"https:\/\/www.itekpharma.com\/es\/wp-json\/wp\/v2\/comments?post=1572"}],"version-history":[{"count":14,"href":"https:\/\/www.itekpharma.com\/es\/wp-json\/wp\/v2\/pages\/1572\/revisions"}],"predecessor-version":[{"id":9315,"href":"https:\/\/www.itekpharma.com\/es\/wp-json\/wp\/v2\/pages\/1572\/revisions\/9315"}],"wp:attachment":[{"href":"https:\/\/www.itekpharma.com\/es\/wp-json\/wp\/v2\/media?parent=1572"}],"wp:term":[{"taxonomy":"featured","embeddable":true,"href":"https:\/\/www.itekpharma.com\/es\/wp-json\/wp\/v2\/featured?post=1572"},{"taxonomy":"folder","embeddable":true,"href":"https:\/\/www.itekpharma.com\/es\/wp-json\/wp\/v2\/folder?post=1572"}],"curies":[{"name":"wp","href":"https:\/\/api.w.org\/{rel}","templated":true}]}}